{"id":13,"date":"2016-11-01T15:40:04","date_gmt":"2016-11-01T15:40:04","guid":{"rendered":"https:\/\/pokotycka.com\/new\/?page_id=13"},"modified":"2022-01-25T22:34:47","modified_gmt":"2022-01-25T21:34:47","slug":"dla-pacjenta","status":"publish","type":"page","link":"https:\/\/pokotycka.com\/index.php\/dla-pacjenta\/","title":{"rendered":"Dla pacjenta"},"content":{"rendered":"<div class=\"fusion-fullwidth fullwidth-box fusion-builder-row-1 fusion-flex-container nonhundred-percent-fullwidth non-hundred-percent-height-scrolling\" style=\"--awb-border-radius-top-left:0px;--awb-border-radius-top-right:0px;--awb-border-radius-bottom-right:0px;--awb-border-radius-bottom-left:0px;--awb-padding-top:100px;--awb-padding-bottom:100px;--awb-background-color:#f8f8f8;--awb-flex-wrap:wrap;\" ><div class=\"fusion-builder-row fusion-row fusion-flex-align-items-flex-start fusion-flex-justify-content-center fusion-flex-content-wrap\" style=\"max-width:1216.8px;margin-left: calc(-4% \/ 2 );margin-right: calc(-4% \/ 2 );\"><div class=\"fusion-layout-column fusion_builder_column fusion-builder-column-0 fusion_builder_column_2_3 2_3 fusion-flex-column\" style=\"--awb-bg-blend:overlay;--awb-bg-size:cover;--awb-width-large:66.666666666667%;--awb-margin-top-large:0px;--awb-spacing-right-large:2.88%;--awb-margin-bottom-large:2%;--awb-spacing-left-large:2.88%;--awb-width-medium:100%;--awb-spacing-right-medium:1.92%;--awb-spacing-left-medium:1.92%;--awb-width-small:100%;--awb-spacing-right-small:1.92%;--awb-spacing-left-small:1.92%;\"><div class=\"fusion-column-wrapper fusion-flex-justify-content-flex-start fusion-content-layout-column\"><div class=\"fusion-title title fusion-title-1 fusion-sep-none fusion-title-center fusion-title-text fusion-title-size-two\"><h2 class=\"fusion-title-heading title-heading-center fusion-responsive-typography-calculated\" style=\"margin:0;--fontSize:40;line-height:1.3;\">Dla Pacjenta<\/h2><\/div><div class=\"fusion-separator\" style=\"align-self: center;margin-left: auto;margin-right: auto;margin-bottom:30px;width:100%;max-width:100px;\"><div class=\"fusion-separator-border sep-single sep-solid\" style=\"--awb-height:20px;--awb-amount:20px;--awb-sep-color:#25afb4;border-color:#25afb4;border-top-width:2px;\"><\/div><\/div><div class=\"fusion-text fusion-text-1\"><p style=\"text-align: center;\">Zapraszamy do zapoznania si\u0119 z pomocnymi artyku\u0142ami dla Pacjent\u00f3w oraz ich bliskich<\/p>\n<\/div><\/div><\/div><div class=\"fusion-layout-column fusion_builder_column fusion-builder-column-1 fusion_builder_column_1_1 1_1 fusion-flex-column\" style=\"--awb-bg-blend:overlay;--awb-bg-size:cover;--awb-width-large:100%;--awb-margin-top-large:0px;--awb-spacing-right-large:1.92%;--awb-margin-bottom-large:0px;--awb-spacing-left-large:1.92%;--awb-width-medium:100%;--awb-spacing-right-medium:1.92%;--awb-spacing-left-medium:1.92%;--awb-width-small:100%;--awb-spacing-right-small:1.92%;--awb-spacing-left-small:1.92%;\"><div class=\"fusion-column-wrapper fusion-flex-justify-content-flex-start fusion-content-layout-column\"><div class=\"fusion-blog-shortcode fusion-blog-shortcode-1 fusion-blog-archive fusion-blog-layout-grid-wrapper fusion-blog-infinite\"><style type=\"text\/css\">.fusion-blog-shortcode-1 .fusion-blog-layout-grid .fusion-post-grid{padding:20px;}.fusion-blog-shortcode-1 .fusion-posts-container{margin-left: -20px !important; margin-right:-20px !important;}<\/style><div class=\"fusion-posts-container fusion-posts-container-infinite fusion-no-meta-info fusion-blog-rollover fusion-blog-layout-grid fusion-blog-layout-grid-3 isotope\" data-pages=\"2\" data-grid-col-space=\"40\" style=\"margin: -20px -20px 0;min-height:500px;\"><article id=\"blog-1-post-578\" class=\"fusion-post-grid post-578 post type-post status-publish format-standard has-post-thumbnail hentry category-o-chorobach\">\n<div class=\"fusion-post-wrapper\" style=\"background-color:rgba(255,255,255,1);border:none;\">\n\n\t\t\t<div class=\"fusion-flexslider flexslider fusion-flexslider-loading fusion-post-slideshow\" style=\"border-color:rgba(235,234,234,0);\">\n\t\t<ul class=\"slides\">\n\t\t\t\n\t\t\t\t\t\t\t\t\t\t\t\t\t\t<li><div  class=\"fusion-image-wrapper\" aria-haspopup=\"true\">\n\t\t\t\t<img decoding=\"async\" width=\"1500\" height=\"1200\" src=\"https:\/\/pokotycka.com\/wp-content\/uploads\/2022\/01\/AMDview.jpg\" class=\"attachment-full size-full lazyload wp-post-image\" alt=\"\" srcset=\"data:image\/svg+xml,%3Csvg%20xmlns%3D%27http%3A%2F%2Fwww.w3.org%2F2000%2Fsvg%27%20width%3D%271500%27%20height%3D%271200%27%20viewBox%3D%270%200%201500%201200%27%3E%3Crect%20width%3D%271500%27%20height%3D%271200%27%20fill-opacity%3D%220%22%2F%3E%3C%2Fsvg%3E\" data-orig-src=\"https:\/\/pokotycka.com\/wp-content\/uploads\/2022\/01\/AMDview.jpg\" data-srcset=\"https:\/\/pokotycka.com\/wp-content\/uploads\/2022\/01\/AMDview-200x160.jpg 200w, https:\/\/pokotycka.com\/wp-content\/uploads\/2022\/01\/AMDview-400x320.jpg 400w, https:\/\/pokotycka.com\/wp-content\/uploads\/2022\/01\/AMDview-600x480.jpg 600w, https:\/\/pokotycka.com\/wp-content\/uploads\/2022\/01\/AMDview-800x640.jpg 800w, https:\/\/pokotycka.com\/wp-content\/uploads\/2022\/01\/AMDview-1200x960.jpg 1200w, https:\/\/pokotycka.com\/wp-content\/uploads\/2022\/01\/AMDview.jpg 1500w\" data-sizes=\"auto\" \/><div class=\"fusion-rollover\">\n\t<div class=\"fusion-rollover-content\">\n\n\t\t\t\t\t\t\t\t\t\t\t\t\t\t<a class=\"fusion-rollover-link\" href=\"https:\/\/pokotycka.com\/index.php\/dla-pacjenta\/o-chorobach\/amd\/\">AMD<\/a>\n\t\t\t\n\t\t\t\t\t\t\t\t\n\t\t\n\t\t\t\t\t\t\t\t\n\t\t\t\t\t\t\t\t\n\t\t\n\t\t\t\t\t\t<a class=\"fusion-link-wrapper\" href=\"https:\/\/pokotycka.com\/index.php\/dla-pacjenta\/o-chorobach\/amd\/\" aria-label=\"AMD\"><\/a>\n\t<\/div>\n<\/div>\n<\/div>\n<\/li>\n\t\t\t\n\t\t\t\n\t\t\t\t\t\t\t\t\t\t\t\t\t\t\t\t\t\t\t\t\t\t\t\t\t\t\t\t\t\t\t\t\t\t\t\t\t\t\t\t\t\t\t\t\t\t\t\t\t\t\t\t\t\t\t\t\t\t\t\t\t\t\t\t\t\t\t\t<\/ul>\n\t<\/div>\n\t<div class=\"fusion-post-content-wrapper\" style=\"padding:30px 25px 20px 25px;\"><div class=\"fusion-post-content post-content\"><h2 class=\"blog-shortcode-post-title entry-title\"><a href=\"https:\/\/pokotycka.com\/index.php\/dla-pacjenta\/o-chorobach\/amd\/\">AMD<\/a><\/h2><\/div><\/div><div class=\"fusion-clearfix\"><\/div><\/div>\n<\/article>\n<article id=\"blog-1-post-441\" class=\"fusion-post-grid post-441 post type-post status-publish format-standard has-post-thumbnail hentry category-o-badaniach\">\n<div class=\"fusion-post-wrapper\" style=\"background-color:rgba(255,255,255,1);border:none;\">\n\n\t\t\t<div class=\"fusion-flexslider flexslider fusion-flexslider-loading fusion-post-slideshow\" style=\"border-color:rgba(235,234,234,0);\">\n\t\t<ul class=\"slides\">\n\t\t\t\n\t\t\t\t\t\t\t\t\t\t\t\t\t\t<li><div  class=\"fusion-image-wrapper\" aria-haspopup=\"true\">\n\t\t\t\t<img decoding=\"async\" width=\"1450\" height=\"897\" src=\"https:\/\/pokotycka.com\/wp-content\/uploads\/2022\/01\/soct.png\" class=\"attachment-full size-full lazyload wp-post-image\" alt=\"\" srcset=\"data:image\/svg+xml,%3Csvg%20xmlns%3D%27http%3A%2F%2Fwww.w3.org%2F2000%2Fsvg%27%20width%3D%271450%27%20height%3D%27897%27%20viewBox%3D%270%200%201450%20897%27%3E%3Crect%20width%3D%271450%27%20height%3D%27897%27%20fill-opacity%3D%220%22%2F%3E%3C%2Fsvg%3E\" data-orig-src=\"https:\/\/pokotycka.com\/wp-content\/uploads\/2022\/01\/soct.png\" data-srcset=\"https:\/\/pokotycka.com\/wp-content\/uploads\/2022\/01\/soct-200x124.png 200w, https:\/\/pokotycka.com\/wp-content\/uploads\/2022\/01\/soct-400x247.png 400w, https:\/\/pokotycka.com\/wp-content\/uploads\/2022\/01\/soct-600x371.png 600w, https:\/\/pokotycka.com\/wp-content\/uploads\/2022\/01\/soct-800x495.png 800w, https:\/\/pokotycka.com\/wp-content\/uploads\/2022\/01\/soct-1200x742.png 1200w, https:\/\/pokotycka.com\/wp-content\/uploads\/2022\/01\/soct.png 1450w\" data-sizes=\"auto\" \/><div class=\"fusion-rollover\">\n\t<div class=\"fusion-rollover-content\">\n\n\t\t\t\t\t\t\t\t\t\t\t\t\t\t<a class=\"fusion-rollover-link\" href=\"https:\/\/pokotycka.com\/index.php\/o-badaniach\/badanie-oct\/\">Badanie OCT<\/a>\n\t\t\t\n\t\t\t\t\t\t\t\t\n\t\t\n\t\t\t\t\t\t\t\t\n\t\t\t\t\t\t\t\t\n\t\t\n\t\t\t\t\t\t<a class=\"fusion-link-wrapper\" href=\"https:\/\/pokotycka.com\/index.php\/o-badaniach\/badanie-oct\/\" aria-label=\"Badanie OCT\"><\/a>\n\t<\/div>\n<\/div>\n<\/div>\n<\/li>\n\t\t\t\n\t\t\t\n\t\t\t\t\t\t\t\t\t\t\t\t\t\t\t\t\t\t\t\t\t\t\t\t\t\t\t\t\t\t\t\t\t\t\t\t\t\t\t\t\t\t\t\t\t\t\t\t\t\t\t\t\t\t\t\t\t\t\t\t\t\t\t\t\t\t\t\t<\/ul>\n\t<\/div>\n\t<div class=\"fusion-post-content-wrapper\" style=\"padding:30px 25px 20px 25px;\"><div class=\"fusion-post-content post-content\"><h2 class=\"blog-shortcode-post-title entry-title\"><a href=\"https:\/\/pokotycka.com\/index.php\/o-badaniach\/badanie-oct\/\">Badanie OCT<\/a><\/h2><\/div><\/div><div class=\"fusion-clearfix\"><\/div><\/div>\n<\/article>\n<article id=\"blog-1-post-438\" class=\"fusion-post-grid post-438 post type-post status-publish format-standard has-post-thumbnail hentry category-o-chorobach\">\n<div class=\"fusion-post-wrapper\" style=\"background-color:rgba(255,255,255,1);border:none;\">\n\n\t\t\t<div class=\"fusion-flexslider flexslider fusion-flexslider-loading fusion-post-slideshow\" style=\"border-color:rgba(235,234,234,0);\">\n\t\t<ul class=\"slides\">\n\t\t\t\n\t\t\t\t\t\t\t\t\t\t\t\t\t\t<li><div  class=\"fusion-image-wrapper\" aria-haspopup=\"true\">\n\t\t\t\t<img decoding=\"async\" width=\"1366\" height=\"911\" src=\"https:\/\/pokotycka.com\/wp-content\/uploads\/2022\/01\/cukrzycaobr.jpg\" class=\"attachment-full size-full lazyload wp-post-image\" alt=\"\" srcset=\"data:image\/svg+xml,%3Csvg%20xmlns%3D%27http%3A%2F%2Fwww.w3.org%2F2000%2Fsvg%27%20width%3D%271366%27%20height%3D%27911%27%20viewBox%3D%270%200%201366%20911%27%3E%3Crect%20width%3D%271366%27%20height%3D%27911%27%20fill-opacity%3D%220%22%2F%3E%3C%2Fsvg%3E\" data-orig-src=\"https:\/\/pokotycka.com\/wp-content\/uploads\/2022\/01\/cukrzycaobr.jpg\" data-srcset=\"https:\/\/pokotycka.com\/wp-content\/uploads\/2022\/01\/cukrzycaobr-200x133.jpg 200w, https:\/\/pokotycka.com\/wp-content\/uploads\/2022\/01\/cukrzycaobr-400x267.jpg 400w, https:\/\/pokotycka.com\/wp-content\/uploads\/2022\/01\/cukrzycaobr-600x400.jpg 600w, https:\/\/pokotycka.com\/wp-content\/uploads\/2022\/01\/cukrzycaobr-800x534.jpg 800w, https:\/\/pokotycka.com\/wp-content\/uploads\/2022\/01\/cukrzycaobr-1200x800.jpg 1200w, https:\/\/pokotycka.com\/wp-content\/uploads\/2022\/01\/cukrzycaobr.jpg 1366w\" data-sizes=\"auto\" \/><div class=\"fusion-rollover\">\n\t<div class=\"fusion-rollover-content\">\n\n\t\t\t\t\t\t\t\t\t\t\t\t\t\t<a class=\"fusion-rollover-link\" href=\"https:\/\/pokotycka.com\/index.php\/dla-pacjenta\/o-chorobach\/cukrzyca\/\">Cukrzyca<\/a>\n\t\t\t\n\t\t\t\t\t\t\t\t\n\t\t\n\t\t\t\t\t\t\t\t\n\t\t\t\t\t\t\t\t\n\t\t\n\t\t\t\t\t\t<a class=\"fusion-link-wrapper\" href=\"https:\/\/pokotycka.com\/index.php\/dla-pacjenta\/o-chorobach\/cukrzyca\/\" aria-label=\"Cukrzyca\"><\/a>\n\t<\/div>\n<\/div>\n<\/div>\n<\/li>\n\t\t\t\n\t\t\t\n\t\t\t\t\t\t\t\t\t\t\t\t\t\t\t\t\t\t\t\t\t\t\t\t\t\t\t\t\t\t\t\t\t\t\t\t\t\t\t\t\t\t\t\t\t\t\t\t\t\t\t\t\t\t\t\t\t\t\t\t\t\t\t\t\t\t\t\t<\/ul>\n\t<\/div>\n\t<div class=\"fusion-post-content-wrapper\" style=\"padding:30px 25px 20px 25px;\"><div class=\"fusion-post-content post-content\"><h2 class=\"blog-shortcode-post-title entry-title\"><a href=\"https:\/\/pokotycka.com\/index.php\/dla-pacjenta\/o-chorobach\/cukrzyca\/\">Cukrzyca<\/a><\/h2><\/div><\/div><div class=\"fusion-clearfix\"><\/div><\/div>\n<\/article>\n<article id=\"blog-1-post-439\" class=\"fusion-post-grid post-439 post type-post status-publish format-standard has-post-thumbnail hentry category-o-chorobach\">\n<div class=\"fusion-post-wrapper\" style=\"background-color:rgba(255,255,255,1);border:none;\">\n\n\t\t\t<div class=\"fusion-flexslider flexslider fusion-flexslider-loading fusion-post-slideshow\" style=\"border-color:rgba(235,234,234,0);\">\n\t\t<ul class=\"slides\">\n\t\t\t\n\t\t\t\t\t\t\t\t\t\t\t\t\t\t<li><div  class=\"fusion-image-wrapper\" aria-haspopup=\"true\">\n\t\t\t\t<img decoding=\"async\" width=\"2048\" height=\"1365\" src=\"https:\/\/pokotycka.com\/wp-content\/uploads\/2022\/01\/okulista.jpg\" class=\"attachment-full size-full lazyload wp-post-image\" alt=\"\" srcset=\"data:image\/svg+xml,%3Csvg%20xmlns%3D%27http%3A%2F%2Fwww.w3.org%2F2000%2Fsvg%27%20width%3D%272048%27%20height%3D%271365%27%20viewBox%3D%270%200%202048%201365%27%3E%3Crect%20width%3D%272048%27%20height%3D%271365%27%20fill-opacity%3D%220%22%2F%3E%3C%2Fsvg%3E\" data-orig-src=\"https:\/\/pokotycka.com\/wp-content\/uploads\/2022\/01\/okulista.jpg\" data-srcset=\"https:\/\/pokotycka.com\/wp-content\/uploads\/2022\/01\/okulista-200x133.jpg 200w, https:\/\/pokotycka.com\/wp-content\/uploads\/2022\/01\/okulista-400x267.jpg 400w, https:\/\/pokotycka.com\/wp-content\/uploads\/2022\/01\/okulista-600x400.jpg 600w, https:\/\/pokotycka.com\/wp-content\/uploads\/2022\/01\/okulista-800x533.jpg 800w, https:\/\/pokotycka.com\/wp-content\/uploads\/2022\/01\/okulista-1200x800.jpg 1200w, https:\/\/pokotycka.com\/wp-content\/uploads\/2022\/01\/okulista.jpg 2048w\" data-sizes=\"auto\" \/><div class=\"fusion-rollover\">\n\t<div class=\"fusion-rollover-content\">\n\n\t\t\t\t\t\t\t\t\t\t\t\t\t\t<a class=\"fusion-rollover-link\" href=\"https:\/\/pokotycka.com\/index.php\/dla-pacjenta\/o-chorobach\/inne\/\">Inne<\/a>\n\t\t\t\n\t\t\t\t\t\t\t\t\n\t\t\n\t\t\t\t\t\t\t\t\n\t\t\t\t\t\t\t\t\n\t\t\n\t\t\t\t\t\t<a class=\"fusion-link-wrapper\" href=\"https:\/\/pokotycka.com\/index.php\/dla-pacjenta\/o-chorobach\/inne\/\" aria-label=\"Inne\"><\/a>\n\t<\/div>\n<\/div>\n<\/div>\n<\/li>\n\t\t\t\n\t\t\t\n\t\t\t\t\t\t\t\t\t\t\t\t\t\t\t\t\t\t\t\t\t\t\t\t\t\t\t\t\t\t\t\t\t\t\t\t\t\t\t\t\t\t\t\t\t\t\t\t\t\t\t\t\t\t\t\t\t\t\t\t\t\t\t\t\t\t\t\t<\/ul>\n\t<\/div>\n\t<div class=\"fusion-post-content-wrapper\" style=\"padding:30px 25px 20px 25px;\"><div class=\"fusion-post-content post-content\"><h2 class=\"blog-shortcode-post-title entry-title\"><a href=\"https:\/\/pokotycka.com\/index.php\/dla-pacjenta\/o-chorobach\/inne\/\">Inne<\/a><\/h2><\/div><\/div><div class=\"fusion-clearfix\"><\/div><\/div>\n<\/article>\n<article id=\"blog-1-post-580\" class=\"fusion-post-grid post-580 post type-post status-publish format-standard has-post-thumbnail hentry category-o-chorobach\">\n<div class=\"fusion-post-wrapper\" style=\"background-color:rgba(255,255,255,1);border:none;\">\n\n\t\t\t<div class=\"fusion-flexslider flexslider fusion-flexslider-loading fusion-post-slideshow\" style=\"border-color:rgba(235,234,234,0);\">\n\t\t<ul class=\"slides\">\n\t\t\t\n\t\t\t\t\t\t\t\t\t\t\t\t\t\t<li><div  class=\"fusion-image-wrapper\" aria-haspopup=\"true\">\n\t\t\t\t<img decoding=\"async\" width=\"1024\" height=\"482\" src=\"https:\/\/pokotycka.com\/wp-content\/uploads\/2022\/01\/glaucoma.png\" class=\"attachment-full size-full lazyload wp-post-image\" alt=\"\" srcset=\"data:image\/svg+xml,%3Csvg%20xmlns%3D%27http%3A%2F%2Fwww.w3.org%2F2000%2Fsvg%27%20width%3D%271024%27%20height%3D%27482%27%20viewBox%3D%270%200%201024%20482%27%3E%3Crect%20width%3D%271024%27%20height%3D%27482%27%20fill-opacity%3D%220%22%2F%3E%3C%2Fsvg%3E\" data-orig-src=\"https:\/\/pokotycka.com\/wp-content\/uploads\/2022\/01\/glaucoma.png\" data-srcset=\"https:\/\/pokotycka.com\/wp-content\/uploads\/2022\/01\/glaucoma-200x94.png 200w, https:\/\/pokotycka.com\/wp-content\/uploads\/2022\/01\/glaucoma-400x188.png 400w, https:\/\/pokotycka.com\/wp-content\/uploads\/2022\/01\/glaucoma-600x282.png 600w, https:\/\/pokotycka.com\/wp-content\/uploads\/2022\/01\/glaucoma-800x377.png 800w, https:\/\/pokotycka.com\/wp-content\/uploads\/2022\/01\/glaucoma.png 1024w\" data-sizes=\"auto\" \/><div class=\"fusion-rollover\">\n\t<div class=\"fusion-rollover-content\">\n\n\t\t\t\t\t\t\t\t\t\t\t\t\t\t<a class=\"fusion-rollover-link\" href=\"https:\/\/pokotycka.com\/index.php\/dla-pacjenta\/o-chorobach\/jaskra\/\">Jaskra<\/a>\n\t\t\t\n\t\t\t\t\t\t\t\t\n\t\t\n\t\t\t\t\t\t\t\t\n\t\t\t\t\t\t\t\t\n\t\t\n\t\t\t\t\t\t<a class=\"fusion-link-wrapper\" href=\"https:\/\/pokotycka.com\/index.php\/dla-pacjenta\/o-chorobach\/jaskra\/\" aria-label=\"Jaskra\"><\/a>\n\t<\/div>\n<\/div>\n<\/div>\n<\/li>\n\t\t\t\n\t\t\t\n\t\t\t\t\t\t\t\t\t\t\t\t\t\t\t\t\t\t\t\t\t\t\t\t\t\t\t\t\t\t\t\t\t\t\t\t\t\t\t\t\t\t\t\t\t\t\t\t\t\t\t\t\t\t\t\t\t\t\t\t\t\t\t\t\t\t\t\t<\/ul>\n\t<\/div>\n\t<div class=\"fusion-post-content-wrapper\" style=\"padding:30px 25px 20px 25px;\"><div class=\"fusion-post-content post-content\"><h2 class=\"blog-shortcode-post-title entry-title\"><a href=\"https:\/\/pokotycka.com\/index.php\/dla-pacjenta\/o-chorobach\/jaskra\/\">Jaskra<\/a><\/h2><\/div><\/div><div class=\"fusion-clearfix\"><\/div><\/div>\n<\/article>\n<article id=\"blog-1-post-579\" class=\"fusion-post-grid post-579 post type-post status-publish format-standard has-post-thumbnail hentry category-dla-pacjenta\">\n<div class=\"fusion-post-wrapper\" style=\"background-color:rgba(255,255,255,1);border:none;\">\n\n\t\t\t<div class=\"fusion-flexslider flexslider fusion-flexslider-loading fusion-post-slideshow\" style=\"border-color:rgba(235,234,234,0);\">\n\t\t<ul class=\"slides\">\n\t\t\t\n\t\t\t\t\t\t\t\t\t\t\t\t\t\t<li><div  class=\"fusion-image-wrapper\" aria-haspopup=\"true\">\n\t\t\t\t<img decoding=\"async\" width=\"900\" height=\"460\" src=\"https:\/\/pokotycka.com\/wp-content\/uploads\/2022\/01\/QA.jpg\" class=\"attachment-full size-full lazyload wp-post-image\" alt=\"\" srcset=\"data:image\/svg+xml,%3Csvg%20xmlns%3D%27http%3A%2F%2Fwww.w3.org%2F2000%2Fsvg%27%20width%3D%27900%27%20height%3D%27460%27%20viewBox%3D%270%200%20900%20460%27%3E%3Crect%20width%3D%27900%27%20height%3D%27460%27%20fill-opacity%3D%220%22%2F%3E%3C%2Fsvg%3E\" data-orig-src=\"https:\/\/pokotycka.com\/wp-content\/uploads\/2022\/01\/QA.jpg\" data-srcset=\"https:\/\/pokotycka.com\/wp-content\/uploads\/2022\/01\/QA-200x102.jpg 200w, https:\/\/pokotycka.com\/wp-content\/uploads\/2022\/01\/QA-400x204.jpg 400w, https:\/\/pokotycka.com\/wp-content\/uploads\/2022\/01\/QA-600x307.jpg 600w, https:\/\/pokotycka.com\/wp-content\/uploads\/2022\/01\/QA-800x409.jpg 800w, https:\/\/pokotycka.com\/wp-content\/uploads\/2022\/01\/QA.jpg 900w\" data-sizes=\"auto\" \/><div class=\"fusion-rollover\">\n\t<div class=\"fusion-rollover-content\">\n\n\t\t\t\t\t\t\t\t\t\t\t\t\t\t<a class=\"fusion-rollover-link\" href=\"https:\/\/pokotycka.com\/index.php\/dla-pacjenta\/o-najczesciej-zadawanych-pytaniach\/\">Najcz\u0119\u015bciej zadawane pytania<\/a>\n\t\t\t\n\t\t\t\t\t\t\t\t\n\t\t\n\t\t\t\t\t\t\t\t\n\t\t\t\t\t\t\t\t\n\t\t\n\t\t\t\t\t\t<a class=\"fusion-link-wrapper\" href=\"https:\/\/pokotycka.com\/index.php\/dla-pacjenta\/o-najczesciej-zadawanych-pytaniach\/\" aria-label=\"Najcz\u0119\u015bciej zadawane pytania\"><\/a>\n\t<\/div>\n<\/div>\n<\/div>\n<\/li>\n\t\t\t\n\t\t\t\n\t\t\t\t\t\t\t\t\t\t\t\t\t\t\t\t\t\t\t\t\t\t\t\t\t\t\t\t\t\t\t\t\t\t\t\t\t\t\t\t\t\t\t\t\t\t\t\t\t\t\t\t\t\t\t\t\t\t\t\t\t\t\t\t\t\t\t\t<\/ul>\n\t<\/div>\n\t<div class=\"fusion-post-content-wrapper\" style=\"padding:30px 25px 20px 25px;\"><div class=\"fusion-post-content post-content\"><h2 class=\"blog-shortcode-post-title entry-title\"><a href=\"https:\/\/pokotycka.com\/index.php\/dla-pacjenta\/o-najczesciej-zadawanych-pytaniach\/\">Najcz\u0119\u015bciej zadawane pytania<\/a><\/h2><\/div><\/div><div class=\"fusion-clearfix\"><\/div><\/div>\n<\/article>\n<div class=\"fusion-clearfix\"><\/div><\/div><div class=\"fusion-infinite-scroll-trigger\"><\/div><div class=\"pagination infinite-scroll clearfix\" style=\"display:none;\"><span class=\"current\">1<\/span><a href=\"https:\/\/pokotycka.com\/index.php\/wp-json\/wp\/v2\/pages\/13\/page\/2\/\" class=\"inactive\">2<\/a><a class=\"pagination-next\" rel=\"next\" href=\"https:\/\/pokotycka.com\/index.php\/wp-json\/wp\/v2\/pages\/13\/page\/2\/\"><span class=\"page-text\">Kolejny<\/span><span class=\"page-next\"><\/span><\/a><\/div><div class=\"fusion-clearfix\"><\/div><\/div><\/div><\/div><\/div><\/div>\n","protected":false},"excerpt":{"rendered":"","protected":false},"author":1,"featured_media":0,"parent":0,"menu_order":0,"comment_status":"closed","ping_status":"closed","template":"100-width.php","meta":{"footnotes":""},"class_list":["post-13","page","type-page","status-publish","hentry"],"yoast_head":"<!-- This site is optimized with the Yoast SEO plugin v27.2 - https:\/\/yoast.com\/product\/yoast-seo-wordpress\/ -->\n<title>Dla pacjenta - Gabinet Okulistyczno-Optyczny Tatiana Pokotycka | Sul\u0119cin, Mieszkowice<\/title>\n<meta name=\"robots\" content=\"index, follow, max-snippet:-1, max-image-preview:large, max-video-preview:-1\" \/>\n<link rel=\"canonical\" href=\"https:\/\/pokotycka.com\/index.php\/dla-pacjenta\/\" \/>\n<meta property=\"og:locale\" content=\"pl_PL\" \/>\n<meta property=\"og:type\" content=\"article\" \/>\n<meta property=\"og:title\" content=\"Dla pacjenta - Gabinet Okulistyczno-Optyczny Tatiana Pokotycka | Sul\u0119cin, Mieszkowice\" \/>\n<meta property=\"og:url\" content=\"https:\/\/pokotycka.com\/index.php\/dla-pacjenta\/\" \/>\n<meta property=\"og:site_name\" content=\"Gabinet Okulistyczno-Optyczny Tatiana Pokotycka | Sul\u0119cin, Mieszkowice\" \/>\n<meta property=\"article:modified_time\" content=\"2022-01-25T21:34:47+00:00\" \/>\n<meta name=\"twitter:card\" content=\"summary_large_image\" \/>\n<meta name=\"twitter:label1\" content=\"Szacowany czas czytania\" \/>\n\t<meta name=\"twitter:data1\" content=\"2 minuty\" \/>\n<script type=\"application\/ld+json\" class=\"yoast-schema-graph\">{\"@context\":\"https:\/\/schema.org\",\"@graph\":[{\"@type\":\"WebPage\",\"@id\":\"https:\/\/pokotycka.com\/index.php\/dla-pacjenta\/\",\"url\":\"https:\/\/pokotycka.com\/index.php\/dla-pacjenta\/\",\"name\":\"Dla pacjenta - Gabinet Okulistyczno-Optyczny Tatiana Pokotycka | Sul\u0119cin, Mieszkowice\",\"isPartOf\":{\"@id\":\"https:\/\/pokotycka.com\/#website\"},\"datePublished\":\"2016-11-01T15:40:04+00:00\",\"dateModified\":\"2022-01-25T21:34:47+00:00\",\"breadcrumb\":{\"@id\":\"https:\/\/pokotycka.com\/index.php\/dla-pacjenta\/#breadcrumb\"},\"inLanguage\":\"pl-PL\",\"potentialAction\":[{\"@type\":\"ReadAction\",\"target\":[\"https:\/\/pokotycka.com\/index.php\/dla-pacjenta\/\"]}]},{\"@type\":\"BreadcrumbList\",\"@id\":\"https:\/\/pokotycka.com\/index.php\/dla-pacjenta\/#breadcrumb\",\"itemListElement\":[{\"@type\":\"ListItem\",\"position\":1,\"name\":\"Strona g\u0142\u00f3wna\",\"item\":\"https:\/\/pokotycka.com\/\"},{\"@type\":\"ListItem\",\"position\":2,\"name\":\"Dla pacjenta\"}]},{\"@type\":\"WebSite\",\"@id\":\"https:\/\/pokotycka.com\/#website\",\"url\":\"https:\/\/pokotycka.com\/\",\"name\":\"Gabinet Okulistyczno-Optyczny Tatiana Pokotycka | Sul\u0119cin, Mieszkowice\",\"description\":\"lek. med. Tatiana Pokotycka, specjalista chor\u00f3b oczu. Gabinety okulistyczno-optyczne w Sul\u0119cinie i Mieszkowicach.\",\"potentialAction\":[{\"@type\":\"SearchAction\",\"target\":{\"@type\":\"EntryPoint\",\"urlTemplate\":\"https:\/\/pokotycka.com\/?s={search_term_string}\"},\"query-input\":{\"@type\":\"PropertyValueSpecification\",\"valueRequired\":true,\"valueName\":\"search_term_string\"}}],\"inLanguage\":\"pl-PL\"}]}<\/script>\n<!-- \/ Yoast SEO plugin. -->","yoast_head_json":{"title":"Dla pacjenta - Gabinet Okulistyczno-Optyczny Tatiana Pokotycka | Sul\u0119cin, Mieszkowice","robots":{"index":"index","follow":"follow","max-snippet":"max-snippet:-1","max-image-preview":"max-image-preview:large","max-video-preview":"max-video-preview:-1"},"canonical":"https:\/\/pokotycka.com\/index.php\/dla-pacjenta\/","og_locale":"pl_PL","og_type":"article","og_title":"Dla pacjenta - Gabinet Okulistyczno-Optyczny Tatiana Pokotycka | Sul\u0119cin, Mieszkowice","og_url":"https:\/\/pokotycka.com\/index.php\/dla-pacjenta\/","og_site_name":"Gabinet Okulistyczno-Optyczny Tatiana Pokotycka | Sul\u0119cin, Mieszkowice","article_modified_time":"2022-01-25T21:34:47+00:00","twitter_card":"summary_large_image","twitter_misc":{"Szacowany czas czytania":"2 minuty"},"schema":{"@context":"https:\/\/schema.org","@graph":[{"@type":"WebPage","@id":"https:\/\/pokotycka.com\/index.php\/dla-pacjenta\/","url":"https:\/\/pokotycka.com\/index.php\/dla-pacjenta\/","name":"Dla pacjenta - Gabinet Okulistyczno-Optyczny Tatiana Pokotycka | Sul\u0119cin, Mieszkowice","isPartOf":{"@id":"https:\/\/pokotycka.com\/#website"},"datePublished":"2016-11-01T15:40:04+00:00","dateModified":"2022-01-25T21:34:47+00:00","breadcrumb":{"@id":"https:\/\/pokotycka.com\/index.php\/dla-pacjenta\/#breadcrumb"},"inLanguage":"pl-PL","potentialAction":[{"@type":"ReadAction","target":["https:\/\/pokotycka.com\/index.php\/dla-pacjenta\/"]}]},{"@type":"BreadcrumbList","@id":"https:\/\/pokotycka.com\/index.php\/dla-pacjenta\/#breadcrumb","itemListElement":[{"@type":"ListItem","position":1,"name":"Strona g\u0142\u00f3wna","item":"https:\/\/pokotycka.com\/"},{"@type":"ListItem","position":2,"name":"Dla pacjenta"}]},{"@type":"WebSite","@id":"https:\/\/pokotycka.com\/#website","url":"https:\/\/pokotycka.com\/","name":"Gabinet Okulistyczno-Optyczny Tatiana Pokotycka | Sul\u0119cin, Mieszkowice","description":"lek. med. Tatiana Pokotycka, specjalista chor\u00f3b oczu. Gabinety okulistyczno-optyczne w Sul\u0119cinie i Mieszkowicach.","potentialAction":[{"@type":"SearchAction","target":{"@type":"EntryPoint","urlTemplate":"https:\/\/pokotycka.com\/?s={search_term_string}"},"query-input":{"@type":"PropertyValueSpecification","valueRequired":true,"valueName":"search_term_string"}}],"inLanguage":"pl-PL"}]}},"_links":{"self":[{"href":"https:\/\/pokotycka.com\/index.php\/wp-json\/wp\/v2\/pages\/13","targetHints":{"allow":["GET"]}}],"collection":[{"href":"https:\/\/pokotycka.com\/index.php\/wp-json\/wp\/v2\/pages"}],"about":[{"href":"https:\/\/pokotycka.com\/index.php\/wp-json\/wp\/v2\/types\/page"}],"author":[{"embeddable":true,"href":"https:\/\/pokotycka.com\/index.php\/wp-json\/wp\/v2\/users\/1"}],"replies":[{"embeddable":true,"href":"https:\/\/pokotycka.com\/index.php\/wp-json\/wp\/v2\/comments?post=13"}],"version-history":[{"count":8,"href":"https:\/\/pokotycka.com\/index.php\/wp-json\/wp\/v2\/pages\/13\/revisions"}],"predecessor-version":[{"id":998,"href":"https:\/\/pokotycka.com\/index.php\/wp-json\/wp\/v2\/pages\/13\/revisions\/998"}],"wp:attachment":[{"href":"https:\/\/pokotycka.com\/index.php\/wp-json\/wp\/v2\/media?parent=13"}],"curies":[{"name":"wp","href":"https:\/\/api.w.org\/{rel}","templated":true}]}}